{"id":154,"date":"2020-09-27T09:32:00","date_gmt":"2020-09-27T09:32:00","guid":{"rendered":"http:\/\/kreativ-fliesen-design.de\/?page_id=154"},"modified":"2024-11-08T13:03:40","modified_gmt":"2024-11-08T13:03:40","slug":"impressum-fliesenleger-in-walldorf","status":"publish","type":"page","link":"http:\/\/kreativ-fliesen-design.de\/?page_id=154","title":{"rendered":"Impressum"},"content":{"rendered":"\n<h3 class=\"wp-block-heading\">Impressum<\/h3>\n\n\n\n<p><\/p>\n\n\n\n<p>Tarkan Kara<\/p>\n\n\n\n<p>Geschwister-Scholl-Stra\u00dfe 4<\/p>\n\n\n\n<p>69190 Walldorf<\/p>\n\n\n\n<p>Handy: 0173 \/ 322 327 0<\/p>\n\n\n\n<p>Email: <a href=\"\\&quot;mailto:info@kreativ-fliesen-design.de\\&quot;\">info@kreativ-fliesen-design.de<\/a><\/p>\n\n\n\n<p>Umsatzsteuer-Identifikationsnummer gem\u00e4\u00df \u00a727 a Umsatzsteuergesetz: USt-IdNr.: DE265384839<\/p>\n\n\n\n<p>Verantwortlich f\u00fcr den Inhalt Tarkan Kara<\/p>\n\n\n\n<p><strong>Hinweise<\/strong><\/p>\n\n\n\n<p>Alle Informationen und Erkl\u00e4rungen dieser Internetseiten sind unverbindlich. Der Herausgeber \u00fcbernimmt f\u00fcr die Richtigkeit und Vollst\u00e4ndigkeit der Inhalte keine Gew\u00e4hr. Aus den Inhalten der Internetseiten ergeben sich keine Rechtsanspr\u00fcche. Fehler im Inhalt werden bei Kenntnis dar\u00fcber unverz\u00fcglich korrigiert. Die Inhalte der Internetseiten k\u00f6nnen durch zeitverz\u00f6gerte Aktualisierung nicht permanent aktuell sein. Bitte fragen Sie daher unseren Vertrieb zu dem Stand, technischen Details und Lieferbarkeit der Produkte. Links auf andere Internetseiten werden nicht permanent kontrolliert. Somit \u00fcbernehmen wir keine Verantwortung f\u00fcr den Inhalt verlinkter Seiten.<\/p>\n\n\n\n<p><strong>Urheberrechte und sonstige Sonderschutzrechte<\/strong><\/p>\n\n\n\n<p>Der Inhalt dieser Internetseiten ist urheberrechtlich gesch\u00fctzt. Es darf eine Kopie der Informationen der Internetseiten auf einem einzigen Computer f\u00fcr den nicht-kommerziellen und pers\u00f6nlichen internen Gebrauch gespeichert werden. Grafiken, Texte, Logos, Bilder usw. d\u00fcrfen nur nach schriftlicher Genehmigung des Herausgebers heruntergeladen, vervielf\u00e4ltigt, kopiert, ge\u00e4ndert, ver\u00f6ffentlicht, versendet, \u00fcbertragen oder in sonstiger Form genutzt werden. Bei genannten Produkt- und Firmennamen kann es sich um eingetragene Warenzeichen oder Marken handeln. Die unberechtigte Verwendung kann zu Schadensersatzanspr\u00fcchen und Unterlassungsanspr\u00fcchen f\u00fchren. Schutz pers\u00f6nlicher Daten: Es kann nicht garantiert werden, da\u00df Informationen oder pers\u00f6nliche Daten, die uns \u00fcbermittelt werden, bei der \u00dcbermittlung nicht von Dritten abgeh\u00f6rt werden.<\/p>\n\n\n\n<p><strong>Haftung<\/strong><\/p>\n\n\n\n<p>Der Herausgeber haftet nicht f\u00fcr Sch\u00e4den, insbesondere nicht f\u00fcr unmittelbare oder mittelbare Folgesch\u00e4den, Datenverlust, entgangenen Gewinn, System- oder Produktionsausf\u00e4lle, die durch die Nutzung dieser Internetseiten oder das Herunterladen von Daten entstehen. Liegt bei einem entstandenen Schaden durch die Nutzung der Internetseiten oder das Herunterladen von Daten Vorsatz oder grobe Fahrl\u00e4ssigkeit vor, gilt der Haftungsausschlu\u00df nicht. Die durch die Nutzung der Internetseiten entstandene Rechtsbeziehung zwischen Ihnen und dem Herausgeber unterliegt dem Recht der Bundesrepublik Deutschland.<\/p>\n","protected":false},"excerpt":{"rendered":"<p>Impressum Tarkan Kara Geschwister-Scholl-Stra\u00dfe 4 69190 Walldorf Handy: 0173 \/ 322 327 0 Email: info@kreativ-fliesen-design.de Umsatzsteuer-Identifikationsnummer gem\u00e4\u00df \u00a727 a Umsatzsteuergesetz: USt-IdNr.: DE265384839 Verantwortlich f\u00fcr den Inhalt<span class=\"excerpt-hellip\"> [\u2026]<\/span><\/p>\n","protected":false},"author":1,"featured_media":0,"parent":0,"menu_order":0,"comment_status":"closed","ping_status":"closed","template":"","meta":{"footnotes":""},"class_list":["post-154","page","type-page","status-publish","hentry"],"yoast_head":"<!-- This site is optimized with the Yoast SEO plugin v23.8 - https:\/\/yoast.com\/wordpress\/plugins\/seo\/ -->\n<title>Fliesen Kreativ Design Walldorf<\/title>\n<meta name=\"description\" content=\"Fliesenleger in Walldorf, Wiesloch und Heidelberg\" \/>\n<meta name=\"robots\" content=\"index, follow, max-snippet:-1, max-image-preview:large, max-video-preview:-1\" \/>\n<link rel=\"canonical\" href=\"http:\/\/kreativ-fliesen-design.de\/?page_id=154\" \/>\n<meta property=\"og:locale\" content=\"de_DE\" \/>\n<meta property=\"og:type\" content=\"article\" \/>\n<meta property=\"og:title\" content=\"Fliesen Kreativ Design Walldorf\" \/>\n<meta property=\"og:description\" content=\"Fliesenleger in Walldorf, Wiesloch und Heidelberg\" \/>\n<meta property=\"og:url\" content=\"http:\/\/kreativ-fliesen-design.de\/?page_id=154\" \/>\n<meta property=\"og:site_name\" content=\"Kreativ Fliesen Design\" \/>\n<meta property=\"article:modified_time\" content=\"2024-11-08T13:03:40+00:00\" \/>\n<meta name=\"twitter:card\" content=\"summary_large_image\" \/>\n<meta name=\"twitter:label1\" content=\"Gesch\u00e4tzte Lesezeit\" \/>\n\t<meta name=\"twitter:data1\" content=\"2\u00a0Minuten\" \/>\n<script type=\"application\/ld+json\" class=\"yoast-schema-graph\">{\"@context\":\"https:\/\/schema.org\",\"@graph\":[{\"@type\":\"WebPage\",\"@id\":\"http:\/\/kreativ-fliesen-design.de\/?page_id=154\",\"url\":\"http:\/\/kreativ-fliesen-design.de\/?page_id=154\",\"name\":\"Fliesen Kreativ Design Walldorf\",\"isPartOf\":{\"@id\":\"http:\/\/kreativ-fliesen-design.de\/#website\"},\"datePublished\":\"2020-09-27T09:32:00+00:00\",\"dateModified\":\"2024-11-08T13:03:40+00:00\",\"description\":\"Fliesenleger in Walldorf, Wiesloch und Heidelberg\",\"breadcrumb\":{\"@id\":\"http:\/\/kreativ-fliesen-design.de\/?page_id=154#breadcrumb\"},\"inLanguage\":\"de\",\"potentialAction\":[{\"@type\":\"ReadAction\",\"target\":[\"http:\/\/kreativ-fliesen-design.de\/?page_id=154\"]}]},{\"@type\":\"BreadcrumbList\",\"@id\":\"http:\/\/kreativ-fliesen-design.de\/?page_id=154#breadcrumb\",\"itemListElement\":[{\"@type\":\"ListItem\",\"position\":1,\"name\":\"Home\",\"item\":\"http:\/\/kreativ-fliesen-design.de\/\"},{\"@type\":\"ListItem\",\"position\":2,\"name\":\"Impressum\"}]},{\"@type\":\"WebSite\",\"@id\":\"http:\/\/kreativ-fliesen-design.de\/#website\",\"url\":\"http:\/\/kreativ-fliesen-design.de\/\",\"name\":\"Kreativ Fliesen Design\",\"description\":\"Just another WordPress site\",\"publisher\":{\"@id\":\"http:\/\/kreativ-fliesen-design.de\/#organization\"},\"potentialAction\":[{\"@type\":\"SearchAction\",\"target\":{\"@type\":\"EntryPoint\",\"urlTemplate\":\"http:\/\/kreativ-fliesen-design.de\/?s={search_term_string}\"},\"query-input\":{\"@type\":\"PropertyValueSpecification\",\"valueRequired\":true,\"valueName\":\"search_term_string\"}}],\"inLanguage\":\"de\"},{\"@type\":\"Organization\",\"@id\":\"http:\/\/kreativ-fliesen-design.de\/#organization\",\"name\":\"Kreativ Fliesen Design\",\"url\":\"http:\/\/kreativ-fliesen-design.de\/\",\"logo\":{\"@type\":\"ImageObject\",\"inLanguage\":\"de\",\"@id\":\"http:\/\/kreativ-fliesen-design.de\/#\/schema\/logo\/image\/\",\"url\":\"http:\/\/kreativ-fliesen-design.de\/wp-content\/uploads\/2020\/07\/tarkan.jpg\",\"contentUrl\":\"http:\/\/kreativ-fliesen-design.de\/wp-content\/uploads\/2020\/07\/tarkan.jpg\",\"width\":598,\"height\":245,\"caption\":\"Kreativ Fliesen Design\"},\"image\":{\"@id\":\"http:\/\/kreativ-fliesen-design.de\/#\/schema\/logo\/image\/\"}}]}<\/script>\n<!-- \/ Yoast SEO plugin. -->","yoast_head_json":{"title":"Fliesen Kreativ Design Walldorf","description":"Fliesenleger in Walldorf, Wiesloch und Heidelberg","robots":{"index":"index","follow":"follow","max-snippet":"max-snippet:-1","max-image-preview":"max-image-preview:large","max-video-preview":"max-video-preview:-1"},"canonical":"http:\/\/kreativ-fliesen-design.de\/?page_id=154","og_locale":"de_DE","og_type":"article","og_title":"Fliesen Kreativ Design Walldorf","og_description":"Fliesenleger in Walldorf, Wiesloch und Heidelberg","og_url":"http:\/\/kreativ-fliesen-design.de\/?page_id=154","og_site_name":"Kreativ Fliesen Design","article_modified_time":"2024-11-08T13:03:40+00:00","twitter_card":"summary_large_image","twitter_misc":{"Gesch\u00e4tzte Lesezeit":"2\u00a0Minuten"},"schema":{"@context":"https:\/\/schema.org","@graph":[{"@type":"WebPage","@id":"http:\/\/kreativ-fliesen-design.de\/?page_id=154","url":"http:\/\/kreativ-fliesen-design.de\/?page_id=154","name":"Fliesen Kreativ Design Walldorf","isPartOf":{"@id":"http:\/\/kreativ-fliesen-design.de\/#website"},"datePublished":"2020-09-27T09:32:00+00:00","dateModified":"2024-11-08T13:03:40+00:00","description":"Fliesenleger in Walldorf, Wiesloch und Heidelberg","breadcrumb":{"@id":"http:\/\/kreativ-fliesen-design.de\/?page_id=154#breadcrumb"},"inLanguage":"de","potentialAction":[{"@type":"ReadAction","target":["http:\/\/kreativ-fliesen-design.de\/?page_id=154"]}]},{"@type":"BreadcrumbList","@id":"http:\/\/kreativ-fliesen-design.de\/?page_id=154#breadcrumb","itemListElement":[{"@type":"ListItem","position":1,"name":"Home","item":"http:\/\/kreativ-fliesen-design.de\/"},{"@type":"ListItem","position":2,"name":"Impressum"}]},{"@type":"WebSite","@id":"http:\/\/kreativ-fliesen-design.de\/#website","url":"http:\/\/kreativ-fliesen-design.de\/","name":"Kreativ Fliesen Design","description":"Just another WordPress site","publisher":{"@id":"http:\/\/kreativ-fliesen-design.de\/#organization"},"potentialAction":[{"@type":"SearchAction","target":{"@type":"EntryPoint","urlTemplate":"http:\/\/kreativ-fliesen-design.de\/?s={search_term_string}"},"query-input":{"@type":"PropertyValueSpecification","valueRequired":true,"valueName":"search_term_string"}}],"inLanguage":"de"},{"@type":"Organization","@id":"http:\/\/kreativ-fliesen-design.de\/#organization","name":"Kreativ Fliesen Design","url":"http:\/\/kreativ-fliesen-design.de\/","logo":{"@type":"ImageObject","inLanguage":"de","@id":"http:\/\/kreativ-fliesen-design.de\/#\/schema\/logo\/image\/","url":"http:\/\/kreativ-fliesen-design.de\/wp-content\/uploads\/2020\/07\/tarkan.jpg","contentUrl":"http:\/\/kreativ-fliesen-design.de\/wp-content\/uploads\/2020\/07\/tarkan.jpg","width":598,"height":245,"caption":"Kreativ Fliesen Design"},"image":{"@id":"http:\/\/kreativ-fliesen-design.de\/#\/schema\/logo\/image\/"}}]}},"_links":{"self":[{"href":"http:\/\/kreativ-fliesen-design.de\/index.php?rest_route=\/wp\/v2\/pages\/154"}],"collection":[{"href":"http:\/\/kreativ-fliesen-design.de\/index.php?rest_route=\/wp\/v2\/pages"}],"about":[{"href":"http:\/\/kreativ-fliesen-design.de\/index.php?rest_route=\/wp\/v2\/types\/page"}],"author":[{"embeddable":true,"href":"http:\/\/kreativ-fliesen-design.de\/index.php?rest_route=\/wp\/v2\/users\/1"}],"replies":[{"embeddable":true,"href":"http:\/\/kreativ-fliesen-design.de\/index.php?rest_route=%2Fwp%2Fv2%2Fcomments&post=154"}],"version-history":[{"count":2,"href":"http:\/\/kreativ-fliesen-design.de\/index.php?rest_route=\/wp\/v2\/pages\/154\/revisions"}],"predecessor-version":[{"id":188,"href":"http:\/\/kreativ-fliesen-design.de\/index.php?rest_route=\/wp\/v2\/pages\/154\/revisions\/188"}],"wp:attachment":[{"href":"http:\/\/kreativ-fliesen-design.de\/index.php?rest_route=%2Fwp%2Fv2%2Fmedia&parent=154"}],"curies":[{"name":"wp","href":"https:\/\/api.w.org\/{rel}","templated":true}]}}